{"id":3,"date":"2019-09-26T11:31:54","date_gmt":"2019-09-26T11:31:54","guid":{"rendered":"https:\/\/bukietnik.centralnabazafirm.pl\/?page_id=3"},"modified":"2019-10-01T12:55:23","modified_gmt":"2019-10-01T10:55:23","slug":"polityka-prywatnosci","status":"publish","type":"page","link":"https:\/\/bukietnik.centralnabazafirm.pl\/index.php\/polityka-prywatnosci\/","title":{"rendered":"Polityka prywatno\u015bci"},"content":{"rendered":"<p>Polityka prywatno\u015bci<\/p>\n<p>Niniejsza polityka prywatno\u015bci ma na celu poinformowanie u\u017cytkownik\u00f3w o zasadach gromadzenia, przetwarzania i ochrony danych osobowych u\u017cytkownik\u00f3w oraz informacji o u\u017cytkownikach, szczeg\u00f3lnie wobec tre\u015bci nowych przepis\u00f3w o ochronie danych osobowych, w tym rozporz\u0105dzenia Parlamentu Europejskiego i Rady (UE) 2016\/679 z dnia 27.04.2016r. w sprawie ochrony os\u00f3b fizycznych w zwi\u0105zku z przetwarzaniem danych osobowych i w sprawie swobodnego przep\u0142ywu takich danych oraz uchylenia dyrektywy 95\/46\/WE (\u201eRODO\u201d). przyj\u0119tych przez firm\u0119 INFOTECH Dawid Lisik, ul. Nad Strumykiem 3, 05-509 J\u00f3zefos\u0142aw, NIP 6271737891, REGON 012913850, zwan\u0105 dalej INFOTECH.<\/p>\n<p>Niniejsza polityka prywatno\u015bci ma zastosowanie do wszystkich przypadk\u00f3w, w kt\u00f3rych firma INFOTECH jest administratorem danych osobowych i przetwarza dane osobowe. Dotyczy to przetwarzania danych osobowych pozyskanych bezpo\u015brednio od osoby, kt\u00f3rej dane dotycz\u0105 oraz danych osobowych pozyskanych z innych \u017ar\u00f3de\u0142. Firma INFOTECH realizuje swoje obowi\u0105zki informacyjne w obu powy\u017cszych przypadkach, okre\u015blone odpowiednio w art. 13 i art. 14 RODO zgodnie z tymi przepisami.<\/p>\n<p>I. Informacje gromadzone i wykorzystywane przez firm\u0119 INFOTECH.<\/p>\n<p>U\u017cytkownicy korzystaj\u0105cy z serwisu firmy INFOTECH pozostaj\u0105 anonimowi, dop\u00f3ki sami nie zdecyduj\u0105 inaczej. Osoby fizyczne odwiedzaj\u0105ce stron\u0119 internetow\u0105 firmy INFOTECH www.bukietnik.pl lub korzystaj\u0105ce z us\u0142ug \u015bwiadczonych przez firm\u0119 INFOTECH drog\u0105 elektroniczn\u0105, maj\u0105 kontrol\u0119 nad danymi osobowymi, przekazywanymi firmie INFOTECH. Firma INFOTECH zbiera i wykorzystuje niezb\u0119dne minimum informacji o u\u017cytkownikach, wymagane do \u015bwiadczenia na ich rzecz us\u0142ug na oczekiwanym poziomie. Serwis pobiera informacje o rodzaju przegl\u0105darki i stosowanej wersji, systemie operacyjnym u\u017cytkownika oraz adres IP u\u017cytkownika, dat\u0119 i godzin\u0119 wywo\u0142ania strony, informacje o stronach internetowych, z kt\u00f3rych system u\u017cytkownika przeszed\u0142 na stron\u0119 internetow\u0105 www.bukietnik.pl (tzw. referrer), jak r\u00f3wnie\u017c informacje o stronach internetowych, kt\u00f3re zosta\u0142y wywo\u0142ane przez system u\u017cytkownika przez stron\u0119 internetow\u0105 www.bukietnik.pl. Serwis pobiera tak\u017ce informacje podane dobrowolnie przez u\u017cytkownika w formularzu kontaktowym, uzupe\u0142nianym na stronie internetowej firmy INFOTECH. Formularz wymaga podania informacji umo\u017cliwiaj\u0105cej skontaktowanie si\u0119 z u\u017cytkownikiem (np. adres e-mail). Informacje podane w formularzu s\u0105 przez firm\u0119 INFOTECH wykorzystywane do niezb\u0119dnych kontakt\u00f3w z u\u017cytkownikami oraz w celu lepszego dostosowywania prezentowanych tre\u015bci do potrzeb i zainteresowa\u0144 u\u017cytkownik\u00f3w. Dane podane w formularzu s\u0105 przetwarzane w celu wynikaj\u0105cym z funkcji konkretnego formularza, np. w celu dokonania procesu realizacji us\u0142ugi lub kontaktu handlowego.<\/p>\n<p>II. Udost\u0119pnianie podanych informacji osobistych innym podmiotom<\/p>\n<p>Dane u\u017cytkownik\u00f3w strony www.bukietnik.pl nie s\u0105 udost\u0119pniane innym podmiotom. Administratorem danych osobowych jest firma INFOTECH Dawid Lisik, ul. Nad Strumykiem 3, 05-509 J\u00f3zefos\u0142aw, w rozumieniu Rozporz\u0105dzenia Parlamentu Europejskiego i Rady (UE) 2016\/679 z dnia 27 kwietnia 2016 roku oraz na podstawie wyra\u017conej przez u\u017cytkownika zgody.<\/p>\n<p>III. Prawo do wgl\u0105du, poprawienia i usuni\u0119cia danych<\/p>\n<p>Ka\u017cdy u\u017cytkownik ma prawo:<\/p>\n<ol>\n<li style=\"list-style-type: none;\">\n<ol>\n<li style=\"list-style-type: none;\">\n<ul>\n<li>dost\u0119pu do danych osobowych,<\/li>\n<li>wycofania zgody na przetwarzanie danych, je\u017celi firma INFOTECH przetwarza jego dane osobowe na podstawie zgody,<\/li>\n<li>\u017c\u0105dania sprostowania danych osobowych,<\/li>\n<li>\u017c\u0105dania usuni\u0119cia danych osobowych,<\/li>\n<li>\u017c\u0105dania ograniczenia przetwarzania danych osobowych,<\/li>\n<li>wyra\u017cenia sprzeciwu wobec przetwarzania danych,<\/li>\n<li>do przeniesienia danych osobowych, przetwarzanych na podstawie umowy lub na podstawie zgody u\u017cytkownika,<\/li>\n<li>wniesienia skargi do organu nadzorczego zajmuj\u0105cego si\u0119 ochron\u0105 danych osobowych, tj. Prezesa Urz\u0119du Ochrony Danych Osobowych.<\/li>\n<\/ul>\n<\/li>\n<\/ol>\n<\/li>\n<\/ol>\n<p>Firma INFOTECH daje swoim u\u017cytkownikom mo\u017cliwo\u015b\u0107 wyboru, czy i w jakim zakresie chc\u0105 korzysta\u0107 ze strony www.bukietnik.pl i udost\u0119pnia\u0107 informacje o sobie. Nasz serwis jest dost\u0119pny bez konieczno\u015bci podawania danych osobowych, jedynie niekt\u00f3re us\u0142ugi jak formularze kontaktowe tego wymagaj\u0105.<\/p>\n<p>IV. Polityka cookies<\/p>\n<p>Serwis www.bukietnik.pl wykorzystuje do swojego dzia\u0142ania pliki cookies. Korzystanie z serwisu oznacza, \u017ce zgadzasz si\u0119 na ich zapis lub wykorzystanie.<\/p>\n<p>Czym s\u0105 pliki cookies.<\/p>\n<p>Ciasteczka (ang. cookies) to niewielkie pliki danych informatycznych, wysy\u0142ane przez serwer www i zapisywane po stronie u\u017cytkownika (zazwyczaj na twardym dysku). Domy\u015blne parametry ciasteczek pozwalaj\u0105 na odczytanie informacji w nich zawartych jedynie serwerowi, kt\u00f3ry je utworzy\u0142. Ciasteczka s\u0105 stosowane najcz\u0119\u015bciej m.in. w przypadku stron wymagaj\u0105cych logowania i do monitorowania aktywno\u015bci odwiedzaj\u0105cych. Dane osobowe zbierane przy u\u017cyciu ciasteczek s\u0105 zaszyfrowane, by uniemo\u017cliwi\u0107 dost\u0119p do nich osobom niepo\u017c\u0105danym i nieuprawnionym. Je\u017celi u\u017cytkownik nie wyra\u017ca zgody na monitorowanie jego aktywno\u015bci w witrynie internetowej, mo\u017ce w ka\u017cdej chwili wy\u0142\u0105czy\u0107 w swojej przegl\u0105darce obs\u0142ug\u0119 plik\u00f3w cookies.<\/p>\n<p>Pliki cookies wykorzystywane s\u0105 przez firm\u0119 INFOTECH w celach:<\/p>\n<ol>\n<li style=\"list-style-type: none;\">\n<ol>\n<li style=\"list-style-type: none;\">\n<ul>\n<li>dostosowania stron i personalizacji tre\u015bci do preferencji u\u017cytkownika,<\/li>\n<li>utrzymania sesji u\u017cytkownika po zalogowaniu,<\/li>\n<li>u\u0142atwienia u\u017cytkownikom poruszania si\u0119 po stronach serwisu i korzystania z niego,<\/li>\n<li>tworzenia statystyk, t\u0142umacz\u0105cych sposoby korzystania z serwis\u00f3w internetowych przez u\u017cytkownik\u00f3w,<\/li>\n<li>zoptymalizowania oferty reklamowej i marketingowej dla danego u\u017cytkownika strony internetowej,<\/li>\n<li>zapewnienia standard\u00f3w bezpiecze\u0144stwa.<\/li>\n<\/ul>\n<\/li>\n<\/ol>\n<\/li>\n<\/ol>\n<p>Firma INFOTECH stosuje pliki cookies \u201esta\u0142e\u201d, kt\u00f3re pozostaj\u0105 w przegl\u0105darce internetowej urz\u0105dzenia do czasu ich usuni\u0119cia przez u\u017cytkownika b\u0105d\u017a do z g\u00f3ry ustalonego czasu, okre\u015blonego w parametrach pliku cookies. W celu analizy zachowa\u0144 u\u017cytkownik\u00f3w, firma INFOTECH u\u017cywa Google Analytics, us\u0142ugi analizy sieci Google Inc. (dalej zwanej \u201eGoogle\u201d). Google Analytics wykorzystuje pliki cookies, kt\u00f3re s\u0105 przechowywane na urz\u0105dzeniu u\u017cytkownika i umo\u017cliwiaj\u0105 analiz\u0119 sposobu korzystania ze strony internetowej przez u\u017cytkownika. Cookies wykorzystane przez Google Analytics mog\u0105 by\u0107 plikami tymczasowymi lub trwa\u0142ymi, kt\u00f3rych maksymalna wa\u017cno\u015b\u0107 z regu\u0142y nie przekracza dw\u00f3ch lat.<\/p>\n<p>Zarz\u0105dzanie plikami cookies.<\/p>\n<p>Wszystkie nowoczesne przegl\u0105darki pozwalaj\u0105 na w\u0142\u0105czenie b\u0105d\u017a wy\u0142\u0105czenie mechanizmu ciasteczek (domy\u015blnie zazwyczaj jest on w\u0142\u0105czony). Je\u015bli u\u017cytkownik nie chce otrzymywa\u0107 plik\u00f3w cookies, mo\u017ce zmieni\u0107 ustawienia swojej przegl\u0105darki internetowej. Informacje na temat zmiany ustawie\u0144 dotycz\u0105cych ciasteczek w poszczeg\u00f3lnych przegl\u0105darkach dost\u0119pne s\u0105 na stronach Chrome, Firefox, Internet Explorer, Opera, Safari.<\/p>\n<p>V. Zg\u0142oszenia i formularze online<\/p>\n<p>Strona internetowa firmy INFOTECH oferuje u\u017cytkownikom mo\u017cliwo\u015b\u0107 nawi\u0105zania kontaktu z firm\u0105 INFOTECH poprzez formularz kontaktowy. W ramach korzystania z wymienionego formularza zwykle konieczne jest, aby u\u017cytkownicy przekazali firmie INFOTECH swoje dane osobowe. Dane te s\u0105 przetwarzane tylko w ramach i w celu, dla kt\u00f3rego zosta\u0142y podane i za wyra\u017an\u0105 zgod\u0105 u\u017cytkownika.<\/p>\n<p>VI. Zmiany polityki prywatno\u015bci<\/p>\n<p>Firma INFOTECH kontroluje zapisy zawarte w polityce prywatno\u015bci i zastrzega sobie prawo zmiany niniejszej polityki w sytuacji, gdy oka\u017ce si\u0119 to niezb\u0119dne lub po\u017c\u0105dane z uwagi na nowe przepisy prawa, nowe wytyczne organ\u00f3w odpowiedzialnych za nadz\u00f3r nad procesami ochrony danych osobowych, najlepsze praktyki stosowane w obszarze ochrony danych osobowych. Firma INFOTECH zastrzega sobie r\u00f3wnie\u017c mo\u017cliwo\u015b\u0107 zmiany niniejszej polityki prywatno\u015bci w przypadku zmian technologii, przy wykorzystaniu kt\u00f3rej firma INFOTECH przetwarza dane osobowe (o ile zmiana jej wp\u0142ywa na brzmienie niniejszego dokumentu), a tak\u017ce w razie zmiany sposob\u00f3w, cel\u00f3w lub podstaw prawnych przetwarzania przez firm\u0119 INFOTECH.<\/p>\n","protected":false},"excerpt":{"rendered":"<p>  [&#8230;]<\/p>\n","protected":false},"author":1,"featured_media":0,"parent":0,"menu_order":0,"comment_status":"closed","ping_status":"open","template":"","meta":{"footnotes":""},"class_list":["post-3","page","type-page","status-publish","hentry"],"yoast_head":"<!-- This site is optimized with the Yoast SEO plugin v25.4 - https:\/\/yoast.com\/wordpress\/plugins\/seo\/ -->\n<title>Polityka prywatno\u015bci - BUKIETNIK - ANNA WI\u0118CKO<\/title>\n<meta name=\"robots\" content=\"index, follow, max-snippet:-1, max-image-preview:large, max-video-preview:-1\" \/>\n<link rel=\"canonical\" href=\"https:\/\/bukietnik.centralnabazafirm.pl\/index.php\/polityka-prywatnosci\/\" \/>\n<meta property=\"og:locale\" content=\"pl_PL\" \/>\n<meta property=\"og:type\" content=\"article\" \/>\n<meta property=\"og:title\" content=\"Polityka prywatno\u015bci - BUKIETNIK - ANNA WI\u0118CKO\" \/>\n<meta property=\"og:description\" content=\"[...]\" \/>\n<meta property=\"og:url\" content=\"https:\/\/bukietnik.centralnabazafirm.pl\/index.php\/polityka-prywatnosci\/\" \/>\n<meta property=\"og:site_name\" content=\"BUKIETNIK - ANNA WI\u0118CKO\" \/>\n<meta property=\"article:modified_time\" content=\"2019-10-01T10:55:23+00:00\" \/>\n<meta name=\"twitter:card\" content=\"summary_large_image\" \/>\n<meta name=\"twitter:label1\" content=\"Szacowany czas czytania\" \/>\n\t<meta name=\"twitter:data1\" content=\"6 minut\" \/>\n<script type=\"application\/ld+json\" class=\"yoast-schema-graph\">{\"@context\":\"https:\/\/schema.org\",\"@graph\":[{\"@type\":\"WebPage\",\"@id\":\"https:\/\/bukietnik.centralnabazafirm.pl\/index.php\/polityka-prywatnosci\/\",\"url\":\"https:\/\/bukietnik.centralnabazafirm.pl\/index.php\/polityka-prywatnosci\/\",\"name\":\"Polityka prywatno\u015bci - BUKIETNIK - ANNA WI\u0118CKO\",\"isPartOf\":{\"@id\":\"https:\/\/bukietnik.centralnabazafirm.pl\/#website\"},\"datePublished\":\"2019-09-26T11:31:54+00:00\",\"dateModified\":\"2019-10-01T10:55:23+00:00\",\"breadcrumb\":{\"@id\":\"https:\/\/bukietnik.centralnabazafirm.pl\/index.php\/polityka-prywatnosci\/#breadcrumb\"},\"inLanguage\":\"pl-PL\",\"potentialAction\":[{\"@type\":\"ReadAction\",\"target\":[\"https:\/\/bukietnik.centralnabazafirm.pl\/index.php\/polityka-prywatnosci\/\"]}]},{\"@type\":\"BreadcrumbList\",\"@id\":\"https:\/\/bukietnik.centralnabazafirm.pl\/index.php\/polityka-prywatnosci\/#breadcrumb\",\"itemListElement\":[{\"@type\":\"ListItem\",\"position\":1,\"name\":\"Strona g\u0142\u00f3wna\",\"item\":\"https:\/\/bukietnik.centralnabazafirm.pl\/\"},{\"@type\":\"ListItem\",\"position\":2,\"name\":\"Polityka prywatno\u015bci\"}]},{\"@type\":\"WebSite\",\"@id\":\"https:\/\/bukietnik.centralnabazafirm.pl\/#website\",\"url\":\"https:\/\/bukietnik.centralnabazafirm.pl\/\",\"name\":\"BUKIETNIK ANNA WI\u0118CKO\",\"description\":\"Bukietnik\",\"potentialAction\":[{\"@type\":\"SearchAction\",\"target\":{\"@type\":\"EntryPoint\",\"urlTemplate\":\"https:\/\/bukietnik.centralnabazafirm.pl\/?s={search_term_string}\"},\"query-input\":{\"@type\":\"PropertyValueSpecification\",\"valueRequired\":true,\"valueName\":\"search_term_string\"}}],\"inLanguage\":\"pl-PL\"}]}<\/script>\n<!-- \/ Yoast SEO plugin. -->","yoast_head_json":{"title":"Polityka prywatno\u015bci - BUKIETNIK - ANNA WI\u0118CKO","robots":{"index":"index","follow":"follow","max-snippet":"max-snippet:-1","max-image-preview":"max-image-preview:large","max-video-preview":"max-video-preview:-1"},"canonical":"https:\/\/bukietnik.centralnabazafirm.pl\/index.php\/polityka-prywatnosci\/","og_locale":"pl_PL","og_type":"article","og_title":"Polityka prywatno\u015bci - BUKIETNIK - ANNA WI\u0118CKO","og_description":"[...]","og_url":"https:\/\/bukietnik.centralnabazafirm.pl\/index.php\/polityka-prywatnosci\/","og_site_name":"BUKIETNIK - ANNA WI\u0118CKO","article_modified_time":"2019-10-01T10:55:23+00:00","twitter_card":"summary_large_image","twitter_misc":{"Szacowany czas czytania":"6 minut"},"schema":{"@context":"https:\/\/schema.org","@graph":[{"@type":"WebPage","@id":"https:\/\/bukietnik.centralnabazafirm.pl\/index.php\/polityka-prywatnosci\/","url":"https:\/\/bukietnik.centralnabazafirm.pl\/index.php\/polityka-prywatnosci\/","name":"Polityka prywatno\u015bci - BUKIETNIK - ANNA WI\u0118CKO","isPartOf":{"@id":"https:\/\/bukietnik.centralnabazafirm.pl\/#website"},"datePublished":"2019-09-26T11:31:54+00:00","dateModified":"2019-10-01T10:55:23+00:00","breadcrumb":{"@id":"https:\/\/bukietnik.centralnabazafirm.pl\/index.php\/polityka-prywatnosci\/#breadcrumb"},"inLanguage":"pl-PL","potentialAction":[{"@type":"ReadAction","target":["https:\/\/bukietnik.centralnabazafirm.pl\/index.php\/polityka-prywatnosci\/"]}]},{"@type":"BreadcrumbList","@id":"https:\/\/bukietnik.centralnabazafirm.pl\/index.php\/polityka-prywatnosci\/#breadcrumb","itemListElement":[{"@type":"ListItem","position":1,"name":"Strona g\u0142\u00f3wna","item":"https:\/\/bukietnik.centralnabazafirm.pl\/"},{"@type":"ListItem","position":2,"name":"Polityka prywatno\u015bci"}]},{"@type":"WebSite","@id":"https:\/\/bukietnik.centralnabazafirm.pl\/#website","url":"https:\/\/bukietnik.centralnabazafirm.pl\/","name":"BUKIETNIK ANNA WI\u0118CKO","description":"Bukietnik","potentialAction":[{"@type":"SearchAction","target":{"@type":"EntryPoint","urlTemplate":"https:\/\/bukietnik.centralnabazafirm.pl\/?s={search_term_string}"},"query-input":{"@type":"PropertyValueSpecification","valueRequired":true,"valueName":"search_term_string"}}],"inLanguage":"pl-PL"}]}},"_links":{"self":[{"href":"https:\/\/bukietnik.centralnabazafirm.pl\/index.php\/wp-json\/wp\/v2\/pages\/3","targetHints":{"allow":["GET"]}}],"collection":[{"href":"https:\/\/bukietnik.centralnabazafirm.pl\/index.php\/wp-json\/wp\/v2\/pages"}],"about":[{"href":"https:\/\/bukietnik.centralnabazafirm.pl\/index.php\/wp-json\/wp\/v2\/types\/page"}],"author":[{"embeddable":true,"href":"https:\/\/bukietnik.centralnabazafirm.pl\/index.php\/wp-json\/wp\/v2\/users\/1"}],"replies":[{"embeddable":true,"href":"https:\/\/bukietnik.centralnabazafirm.pl\/index.php\/wp-json\/wp\/v2\/comments?post=3"}],"version-history":[{"count":2,"href":"https:\/\/bukietnik.centralnabazafirm.pl\/index.php\/wp-json\/wp\/v2\/pages\/3\/revisions"}],"predecessor-version":[{"id":1243,"href":"https:\/\/bukietnik.centralnabazafirm.pl\/index.php\/wp-json\/wp\/v2\/pages\/3\/revisions\/1243"}],"wp:attachment":[{"href":"https:\/\/bukietnik.centralnabazafirm.pl\/index.php\/wp-json\/wp\/v2\/media?parent=3"}],"curies":[{"name":"wp","href":"https:\/\/api.w.org\/{rel}","templated":true}]}}